{"id":19,"date":"2021-05-31T18:19:31","date_gmt":"2021-05-31T16:19:31","guid":{"rendered":"http:\/\/m-magazyn.pl\/?page_id=19"},"modified":"2021-06-01T21:55:31","modified_gmt":"2021-06-01T19:55:31","slug":"o-nas","status":"publish","type":"page","link":"https:\/\/m-magazyn.pl\/index.php\/m-magazyn\/o-nas\/","title":{"rendered":"O nas"},"content":{"rendered":"\t\t<div data-elementor-type=\"wp-page\" data-elementor-id=\"19\" class=\"elementor elementor-19\">\n\t\t\t\t\t\t\t\t\t<section class=\"elementor-section elementor-top-section elementor-element elementor-element-597bb3b elementor-section-boxed elementor-section-height-default elementor-section-height-default\" data-id=\"597bb3b\" data-element_type=\"section\">\n\t\t\t\t\t\t<div class=\"elementor-container elementor-column-gap-default\">\n\t\t\t\t\t<div class=\"elementor-column elementor-col-100 elementor-top-column elementor-element elementor-element-5016ec2\" data-id=\"5016ec2\" data-element_type=\"column\">\n\t\t\t<div class=\"elementor-widget-wrap elementor-element-populated\">\n\t\t\t\t\t\t\t\t<div class=\"elementor-element elementor-element-4e999e8 elementor-widget elementor-widget-heading\" data-id=\"4e999e8\" data-element_type=\"widget\" data-widget_type=\"heading.default\">\n\t\t\t\t<div class=\"elementor-widget-container\">\n\t\t\t<h2 class=\"elementor-heading-title elementor-size-default\">O nas<\/h2>\t\t<\/div>\n\t\t\t\t<\/div>\n\t\t\t\t\t<\/div>\n\t\t<\/div>\n\t\t\t\t\t\t\t<\/div>\n\t\t<\/section>\n\t\t\t\t<section class=\"elementor-section elementor-top-section elementor-element elementor-element-93afc05 elementor-section-boxed elementor-section-height-default elementor-section-height-default\" data-id=\"93afc05\" data-element_type=\"section\">\n\t\t\t\t\t\t<div class=\"elementor-container elementor-column-gap-default\">\n\t\t\t\t\t<div class=\"elementor-column elementor-col-100 elementor-top-column elementor-element elementor-element-5704d71\" data-id=\"5704d71\" data-element_type=\"column\">\n\t\t\t<div class=\"elementor-widget-wrap elementor-element-populated\">\n\t\t\t\t\t\t\t\t<div class=\"elementor-element elementor-element-6a79d5d elementor-widget elementor-widget-text-editor\" data-id=\"6a79d5d\" data-element_type=\"widget\" data-widget_type=\"text-editor.default\">\n\t\t\t\t<div class=\"elementor-widget-container\">\n\t\t\t\t\t\t\t<p>Wynajmujemy powierzchnie magazynowe w formie kontener\u00f3w do kt\u00f3rych dost\u0119p jest przez 24\/7. Gwarantujemy szybki i \u0142atwy dost\u0119p oraz bezpiecze\u0144stwo Twoich rzeczy.<\/p><p>M-magazyn jest lekarstwem na brak miejsca<\/p>\t\t\t\t\t\t<\/div>\n\t\t\t\t<\/div>\n\t\t\t\t\t<\/div>\n\t\t<\/div>\n\t\t\t\t\t\t\t<\/div>\n\t\t<\/section>\n\t\t\t\t\t\t\t<\/div>\n\t\t","protected":false},"excerpt":{"rendered":"<p>O nas Wynajmujemy powierzchnie magazynowe w formie kontener\u00f3w do kt\u00f3rych dost\u0119p jest przez 24\/7. Gwarantujemy szybki i \u0142atwy dost\u0119p oraz bezpiecze\u0144stwo Twoich rzeczy. M-magazyn jest lekarstwem na brak miejsca<\/p>\n","protected":false},"author":1,"featured_media":0,"parent":7,"menu_order":0,"comment_status":"closed","ping_status":"closed","template":"elementor_header_footer","meta":[],"_links":{"self":[{"href":"https:\/\/m-magazyn.pl\/index.php\/wp-json\/wp\/v2\/pages\/19"}],"collection":[{"href":"https:\/\/m-magazyn.pl\/index.php\/wp-json\/wp\/v2\/pages"}],"about":[{"href":"https:\/\/m-magazyn.pl\/index.php\/wp-json\/wp\/v2\/types\/page"}],"author":[{"embeddable":true,"href":"https:\/\/m-magazyn.pl\/index.php\/wp-json\/wp\/v2\/users\/1"}],"replies":[{"embeddable":true,"href":"https:\/\/m-magazyn.pl\/index.php\/wp-json\/wp\/v2\/comments?post=19"}],"version-history":[{"count":10,"href":"https:\/\/m-magazyn.pl\/index.php\/wp-json\/wp\/v2\/pages\/19\/revisions"}],"predecessor-version":[{"id":145,"href":"https:\/\/m-magazyn.pl\/index.php\/wp-json\/wp\/v2\/pages\/19\/revisions\/145"}],"up":[{"embeddable":true,"href":"https:\/\/m-magazyn.pl\/index.php\/wp-json\/wp\/v2\/pages\/7"}],"wp:attachment":[{"href":"https:\/\/m-magazyn.pl\/index.php\/wp-json\/wp\/v2\/media?parent=19"}],"curies":[{"name":"wp","href":"https:\/\/api.w.org\/{rel}","templated":true}]}}